{"id":621,"date":"2023-05-23T02:03:53","date_gmt":"2023-05-23T01:03:53","guid":{"rendered":"http:\/\/jgmcfqy.cluster051.hosting.ovh.net\/?page_id=621"},"modified":"2026-03-31T16:06:37","modified_gmt":"2026-03-31T15:06:37","slug":"slaughterhouse","status":"publish","type":"page","link":"https:\/\/africafeedandfood.com\/fr\/activities\/poultry-sector\/slaughterhouse\/","title":{"rendered":"Abattoirs"},"content":{"rendered":"<div data-elementor-type=\"wp-page\" data-elementor-id=\"621\" class=\"elementor elementor-621\" data-elementor-post-type=\"page\">\n\t\t\t\t\t\t<section class=\"elementor-section elementor-top-section elementor-element elementor-element-f9589e8 elementor-section-boxed elementor-section-height-default elementor-section-height-default\" data-id=\"f9589e8\" data-element_type=\"section\" data-e-type=\"section\">\n\t\t\t\t\t\t<div class=\"elementor-container elementor-column-gap-default\">\n\t\t\t\t\t<div class=\"elementor-column elementor-col-100 elementor-top-column elementor-element elementor-element-9831072\" data-id=\"9831072\" data-element_type=\"column\" data-e-type=\"column\">\n\t\t\t<div class=\"elementor-widget-wrap elementor-element-populated\">\n\t\t\t\t\t\t<div class=\"elementor-element elementor-element-38fb6cb elementor-widget elementor-widget-image\" data-id=\"38fb6cb\" data-element_type=\"widget\" data-e-type=\"widget\" data-widget_type=\"image.default\">\n\t\t\t\t\t\t\t\t\t\t\t\t\t\t\t<img decoding=\"async\" width=\"300\" height=\"119\" src=\"https:\/\/africafeedandfood.com\/wp-content\/uploads\/2023\/05\/ABATTOIRS-EDDIK-LOGO-300x119-1.png\" class=\"attachment-medium size-medium wp-image-624\" alt=\"\" \/>\t\t\t\t\t\t\t\t\t\t\t\t\t\t\t<\/div>\n\t\t\t\t\t<\/div>\n\t\t<\/div>\n\t\t\t\t\t<\/div>\n\t\t<\/section>\n\t\t\t\t<section class=\"elementor-section elementor-top-section elementor-element elementor-element-4d4ae2b elementor-section-boxed elementor-section-height-default elementor-section-height-default\" data-id=\"4d4ae2b\" data-element_type=\"section\" data-e-type=\"section\">\n\t\t\t\t\t\t<div class=\"elementor-container elementor-column-gap-default\">\n\t\t\t\t\t<div class=\"elementor-column elementor-col-100 elementor-top-column elementor-element elementor-element-e50bdf0\" data-id=\"e50bdf0\" data-element_type=\"column\" data-e-type=\"column\">\n\t\t\t<div class=\"elementor-widget-wrap elementor-element-populated\">\n\t\t\t\t\t\t<div class=\"elementor-element elementor-element-770433b elementor-widget elementor-widget-heading\" data-id=\"770433b\" data-element_type=\"widget\" data-e-type=\"widget\" data-widget_type=\"heading.default\">\n\t\t\t\t\t<h2 class=\"elementor-heading-title elementor-size-default\">Nous poursuivons notre strat\u00e9gie d\u2019int\u00e9gration avec notre projet de cr\u00e9ation d\u2019un abattoir moderne pour volailles, \u201cAbattoirs EDDIK\u201d, dont la mise en service est pr\u00e9vue en 2027.<\/h2>\t\t\t\t<\/div>\n\t\t\t\t<div class=\"elementor-element elementor-element-f8ed80d elementor-widget elementor-widget-text-editor\" data-id=\"f8ed80d\" data-element_type=\"widget\" data-e-type=\"widget\" data-widget_type=\"text-editor.default\">\n\t\t\t\t\t\t\t\t\t<p>Notre Groupe a finalis\u00e9 l\u2019ensemble des \u00e9tudes techniques pour la cr\u00e9ation d\u2019un grand complexe industriel d\u2019abattage de volailles, avec pour objectif d\u2019int\u00e9grer la production issue de nos propres fermes, ainsi de celles de nos partenaires.<\/p><p>L\u2019abattoir traitera poulets et dindes et fournira des produits frais, surgel\u00e9s, d\u00e9coup\u00e9s et transform\u00e9s, ainsi qu\u2019une large gamme de charcuterie.<\/p><p>Le Groupe pr\u00e9voit \u00e9galement la mise en place d\u2019un r\u00e9seau de distribution moderne avec des points de vente couvrant les principales villes du pays avec une partie de la production destin\u00e9e \u00e0 l\u2019exportation.<\/p>\t\t\t\t\t\t\t\t<\/div>\n\t\t\t\t\t<\/div>\n\t\t<\/div>\n\t\t\t\t\t<\/div>\n\t\t<\/section>\n\t\t\t\t<section class=\"elementor-section elementor-top-section elementor-element elementor-element-f7d9e99 elementor-section-full_width elementor-section-stretched elementor-section-height-default elementor-section-height-default\" data-id=\"f7d9e99\" data-element_type=\"section\" data-e-type=\"section\" data-settings=\"{&quot;stretch_section&quot;:&quot;section-stretched&quot;}\">\n\t\t\t\t\t\t<div class=\"elementor-container elementor-column-gap-default\">\n\t\t\t\t\t<div class=\"elementor-column elementor-col-100 elementor-top-column elementor-element elementor-element-efbe74b\" data-id=\"efbe74b\" data-element_type=\"column\" data-e-type=\"column\">\n\t\t\t<div class=\"elementor-widget-wrap elementor-element-populated\">\n\t\t\t\t\t\t<div class=\"elementor-element elementor-element-bb14794 elementor-widget elementor-widget-image-carousel\" data-id=\"bb14794\" data-element_type=\"widget\" data-e-type=\"widget\" data-settings=\"{&quot;slides_to_show&quot;:&quot;2&quot;,&quot;navigation&quot;:&quot;none&quot;,&quot;lazyload&quot;:&quot;yes&quot;,&quot;autoplay&quot;:&quot;yes&quot;,&quot;pause_on_hover&quot;:&quot;yes&quot;,&quot;pause_on_interaction&quot;:&quot;yes&quot;,&quot;autoplay_speed&quot;:5000,&quot;infinite&quot;:&quot;yes&quot;,&quot;speed&quot;:500,&quot;image_spacing_custom&quot;:{&quot;unit&quot;:&quot;px&quot;,&quot;size&quot;:20,&quot;sizes&quot;:[]},&quot;image_spacing_custom_tablet&quot;:{&quot;unit&quot;:&quot;px&quot;,&quot;size&quot;:&quot;&quot;,&quot;sizes&quot;:[]},&quot;image_spacing_custom_mobile&quot;:{&quot;unit&quot;:&quot;px&quot;,&quot;size&quot;:&quot;&quot;,&quot;sizes&quot;:[]}}\" data-widget_type=\"image-carousel.default\">\n\t\t\t\t\t\t\t<div class=\"elementor-image-carousel-wrapper swiper\" role=\"region\" aria-roledescription=\"carousel\" aria-label=\"Carrousel d&#039;images\" dir=\"ltr\">\n\t\t\t<div class=\"elementor-image-carousel swiper-wrapper\" aria-live=\"off\">\n\t\t\t\t\t\t\t\t<div class=\"swiper-slide\" role=\"group\" aria-roledescription=\"slide\" aria-label=\"1 sur 5\"><figure class=\"swiper-slide-inner\"><img class=\"swiper-slide-image swiper-lazy\" data-src=\"https:\/\/africafeedandfood.com\/wp-content\/uploads\/elementor\/thumbs\/c9c2e1a99b2179037d847181a0b3feed-q6v3xp05kraxncpwj8luml98rcbyipt56wzeqw6yhs.png\" alt=\"c9c2e1a99b2179037d847181a0b3feed\" \/><div class=\"swiper-lazy-preloader\"><\/div><\/figure><\/div><div class=\"swiper-slide\" role=\"group\" aria-roledescription=\"slide\" aria-label=\"2 sur 5\"><figure class=\"swiper-slide-inner\"><img class=\"swiper-slide-image swiper-lazy\" data-src=\"https:\/\/africafeedandfood.com\/wp-content\/uploads\/elementor\/thumbs\/ABATTOIR-EDDIK-5-1-q6v44k7pi6pcgsqtfpgqccvgzohhr42jswk3yo0f1c.jpg\" alt=\"ABATTOIR-EDDIK-5\" \/><div class=\"swiper-lazy-preloader\"><\/div><\/figure><\/div><div class=\"swiper-slide\" role=\"group\" aria-roledescription=\"slide\" aria-label=\"3 sur 5\"><figure class=\"swiper-slide-inner\"><img class=\"swiper-slide-image swiper-lazy\" data-src=\"https:\/\/africafeedandfood.com\/wp-content\/uploads\/elementor\/thumbs\/ABATTOIR-EDDIK-2-q6v459lcmpo369pybifnpogx130eixvawe67x4ysdc.jpg\" alt=\"ABATTOIR-EDDIK-2\" \/><div class=\"swiper-lazy-preloader\"><\/div><\/figure><\/div><div class=\"swiper-slide\" role=\"group\" aria-roledescription=\"slide\" aria-label=\"4 sur 5\"><figure class=\"swiper-slide-inner\"><img class=\"swiper-slide-image swiper-lazy\" data-src=\"https:\/\/africafeedandfood.com\/wp-content\/uploads\/elementor\/thumbs\/ABATTOIR-EDDIK-3-q6v46pah2lmuwtmuxms50tf9p9xlaakjfi1xbcu4v4.jpg\" alt=\"ABATTOIR-EDDIK-3\" \/><div class=\"swiper-lazy-preloader\"><\/div><\/figure><\/div><div class=\"swiper-slide\" role=\"group\" aria-roledescription=\"slide\" aria-label=\"5 sur 5\"><figure class=\"swiper-slide-inner\"><img class=\"swiper-slide-image swiper-lazy\" data-src=\"https:\/\/africafeedandfood.com\/wp-content\/uploads\/elementor\/thumbs\/ABATTOIR-EDDIK-4-q6v46s3zn3qpvnirh600qapnhfjoxdvqfw0dr6pycg.jpg\" alt=\"ABATTOIR-EDDIK-4\" \/><div class=\"swiper-lazy-preloader\"><\/div><\/figure><\/div>\t\t\t<\/div>\n\t\t\t\t\t\t\t\n\t\t\t\t\t\t\t\t\t<\/div>\n\t\t\t\t\t\t<\/div>\n\t\t\t\t\t<\/div>\n\t\t<\/div>\n\t\t\t\t\t<\/div>\n\t\t<\/section>\n\t\t\t\t<section class=\"elementor-section elementor-top-section elementor-element elementor-element-44c9b36 elementor-section-full_width elementor-section-stretched elementor-section-height-default elementor-section-height-default\" data-id=\"44c9b36\" data-element_type=\"section\" data-e-type=\"section\" data-settings=\"{&quot;stretch_section&quot;:&quot;section-stretched&quot;}\">\n\t\t\t\t\t\t<div class=\"elementor-container elementor-column-gap-default\">\n\t\t\t\t\t<div class=\"elementor-column elementor-col-100 elementor-top-column elementor-element elementor-element-132ed7d\" data-id=\"132ed7d\" data-element_type=\"column\" data-e-type=\"column\">\n\t\t\t<div class=\"elementor-widget-wrap elementor-element-populated\">\n\t\t\t\t\t\t<div class=\"elementor-element elementor-element-d5c7490 elementor-widget elementor-widget-image-carousel\" data-id=\"d5c7490\" data-element_type=\"widget\" data-e-type=\"widget\" data-settings=\"{&quot;slides_to_show&quot;:&quot;2&quot;,&quot;navigation&quot;:&quot;none&quot;,&quot;lazyload&quot;:&quot;yes&quot;,&quot;autoplay&quot;:&quot;yes&quot;,&quot;pause_on_hover&quot;:&quot;yes&quot;,&quot;pause_on_interaction&quot;:&quot;yes&quot;,&quot;autoplay_speed&quot;:5000,&quot;infinite&quot;:&quot;yes&quot;,&quot;speed&quot;:500,&quot;image_spacing_custom&quot;:{&quot;unit&quot;:&quot;px&quot;,&quot;size&quot;:20,&quot;sizes&quot;:[]},&quot;image_spacing_custom_tablet&quot;:{&quot;unit&quot;:&quot;px&quot;,&quot;size&quot;:&quot;&quot;,&quot;sizes&quot;:[]},&quot;image_spacing_custom_mobile&quot;:{&quot;unit&quot;:&quot;px&quot;,&quot;size&quot;:&quot;&quot;,&quot;sizes&quot;:[]}}\" data-widget_type=\"image-carousel.default\">\n\t\t\t\t\t\t\t<div class=\"elementor-image-carousel-wrapper swiper\" role=\"region\" aria-roledescription=\"carousel\" aria-label=\"Carrousel d&#039;images\" dir=\"ltr\">\n\t\t\t<div class=\"elementor-image-carousel swiper-wrapper\" aria-live=\"off\">\n\t\t\t\t\t\t\t\t<div class=\"swiper-slide\" role=\"group\" aria-roledescription=\"slide\" aria-label=\"1 sur 3\"><figure class=\"swiper-slide-inner\"><img class=\"swiper-slide-image swiper-lazy\" data-src=\"https:\/\/africafeedandfood.com\/wp-content\/uploads\/elementor\/thumbs\/abattoirs-meyn--q6v4ez9b92yr57m1lpkvh88e0f4y2cfg8guug2kc2o.jpeg\" alt=\"abattoirs-meyn-\" \/><div class=\"swiper-lazy-preloader\"><\/div><\/figure><\/div><div class=\"swiper-slide\" role=\"group\" aria-roledescription=\"slide\" aria-label=\"2 sur 3\"><figure class=\"swiper-slide-inner\"><img class=\"swiper-slide-image swiper-lazy\" data-src=\"https:\/\/africafeedandfood.com\/wp-content\/uploads\/elementor\/thumbs\/abattoir-pic-1-q6v4h1ik8zsemem6k3oeg7hsxuyxyfm8uoe7cxi8f4.jpeg\" alt=\"abattoir-pic- (1)\" \/><div class=\"swiper-lazy-preloader\"><\/div><\/figure><\/div><div class=\"swiper-slide\" role=\"group\" aria-roledescription=\"slide\" aria-label=\"3 sur 3\"><figure class=\"swiper-slide-inner\"><img class=\"swiper-slide-image swiper-lazy\" data-src=\"https:\/\/africafeedandfood.com\/wp-content\/uploads\/elementor\/thumbs\/abattoirs-eddik--q6v4f22ttl2m41hy58sr6pirskr1pfqn8utavwg5k0.jpeg\" alt=\"abattoirs-eddik-\" \/><div class=\"swiper-lazy-preloader\"><\/div><\/figure><\/div>\t\t\t<\/div>\n\t\t\t\t\t\t\t\n\t\t\t\t\t\t\t\t\t<\/div>\n\t\t\t\t\t\t<\/div>\n\t\t\t\t\t<\/div>\n\t\t<\/div>\n\t\t\t\t\t<\/div>\n\t\t<\/section>\n\t\t\t\t<\/div>","protected":false},"excerpt":{"rendered":"<p>We pursue our strategy of integration with our project of creating a modern slaughterhouse for poultry \u201cAbattoirs EDDIK\u201d scheduled to be operational in 2027. Our group has finalized all the technical studies for the creation of a large industrial poultry slaughterhouse complex, with the aim of integrating the production of our farms and those of [&hellip;]<\/p>\n","protected":false},"author":1,"featured_media":623,"parent":243,"menu_order":2,"comment_status":"closed","ping_status":"closed","template":"","meta":{"footnotes":""},"categories":[150],"tags":[],"class_list":["post-621","page","type-page","status-publish","has-post-thumbnail","hentry","category-poultry"],"yoast_head":"<!-- This site is optimized with the Yoast SEO plugin v27.4 - https:\/\/yoast.com\/product\/yoast-seo-wordpress\/ -->\n<title>Slaughterhouse - Africa Feed and Food<\/title>\n<meta name=\"robots\" content=\"index, follow, max-snippet:-1, max-image-preview:large, max-video-preview:-1\" \/>\n<link rel=\"canonical\" href=\"https:\/\/africafeedandfood.com\/fr\/activities\/poultry-sector\/slaughterhouse\/\" \/>\n<meta property=\"og:locale\" content=\"fr_FR\" \/>\n<meta property=\"og:type\" content=\"article\" \/>\n<meta property=\"og:title\" content=\"Slaughterhouse - Africa Feed and Food\" \/>\n<meta property=\"og:description\" content=\"We pursue our strategy of integration with our project of creating a modern slaughterhouse for poultry \u201cAbattoirs EDDIK\u201d scheduled to be operational in 2027. Our group has finalized all the technical studies for the creation of a large industrial poultry slaughterhouse complex, with the aim of integrating the production of our farms and those of [&hellip;]\" \/>\n<meta property=\"og:url\" content=\"https:\/\/africafeedandfood.com\/fr\/activities\/poultry-sector\/slaughterhouse\/\" \/>\n<meta property=\"og:site_name\" content=\"Africa Feed and Food\" \/>\n<meta property=\"article:modified_time\" content=\"2026-03-31T15:06:37+00:00\" \/>\n<meta property=\"og:image\" content=\"https:\/\/africafeedandfood.com\/wp-content\/uploads\/2023\/05\/c9c2e1a99b2179037d847181a0b3feed-1024x576.png\" \/>\n\t<meta property=\"og:image:width\" content=\"1024\" \/>\n\t<meta property=\"og:image:height\" content=\"576\" \/>\n\t<meta property=\"og:image:type\" content=\"image\/png\" \/>\n<meta name=\"twitter:card\" content=\"summary_large_image\" \/>\n<meta name=\"twitter:label1\" content=\"Dur\u00e9e de lecture estim\u00e9e\" \/>\n\t<meta name=\"twitter:data1\" content=\"4 minutes\" \/>\n<script type=\"application\/ld+json\" class=\"yoast-schema-graph\">{\"@context\":\"https:\\\/\\\/schema.org\",\"@graph\":[{\"@type\":\"WebPage\",\"@id\":\"https:\\\/\\\/africafeedandfood.com\\\/en\\\/activities\\\/poultry-sector\\\/slaughterhouse\\\/\",\"url\":\"https:\\\/\\\/africafeedandfood.com\\\/en\\\/activities\\\/poultry-sector\\\/slaughterhouse\\\/\",\"name\":\"Slaughterhouse - Africa Feed and Food\",\"isPartOf\":{\"@id\":\"https:\\\/\\\/africafeedandfood.com\\\/#website\"},\"primaryImageOfPage\":{\"@id\":\"https:\\\/\\\/africafeedandfood.com\\\/en\\\/activities\\\/poultry-sector\\\/slaughterhouse\\\/#primaryimage\"},\"image\":{\"@id\":\"https:\\\/\\\/africafeedandfood.com\\\/en\\\/activities\\\/poultry-sector\\\/slaughterhouse\\\/#primaryimage\"},\"thumbnailUrl\":\"https:\\\/\\\/africafeedandfood.com\\\/wp-content\\\/uploads\\\/2023\\\/05\\\/c9c2e1a99b2179037d847181a0b3feed.png\",\"datePublished\":\"2023-05-23T01:03:53+00:00\",\"dateModified\":\"2026-03-31T15:06:37+00:00\",\"breadcrumb\":{\"@id\":\"https:\\\/\\\/africafeedandfood.com\\\/en\\\/activities\\\/poultry-sector\\\/slaughterhouse\\\/#breadcrumb\"},\"inLanguage\":\"fr-FR\",\"potentialAction\":[{\"@type\":\"ReadAction\",\"target\":[\"https:\\\/\\\/africafeedandfood.com\\\/en\\\/activities\\\/poultry-sector\\\/slaughterhouse\\\/\"]}]},{\"@type\":\"ImageObject\",\"inLanguage\":\"fr-FR\",\"@id\":\"https:\\\/\\\/africafeedandfood.com\\\/en\\\/activities\\\/poultry-sector\\\/slaughterhouse\\\/#primaryimage\",\"url\":\"https:\\\/\\\/africafeedandfood.com\\\/wp-content\\\/uploads\\\/2023\\\/05\\\/c9c2e1a99b2179037d847181a0b3feed.png\",\"contentUrl\":\"https:\\\/\\\/africafeedandfood.com\\\/wp-content\\\/uploads\\\/2023\\\/05\\\/c9c2e1a99b2179037d847181a0b3feed.png\",\"width\":1920,\"height\":1080},{\"@type\":\"BreadcrumbList\",\"@id\":\"https:\\\/\\\/africafeedandfood.com\\\/en\\\/activities\\\/poultry-sector\\\/slaughterhouse\\\/#breadcrumb\",\"itemListElement\":[{\"@type\":\"ListItem\",\"position\":1,\"name\":\"Home\",\"item\":\"https:\\\/\\\/africafeedandfood.com\\\/\"},{\"@type\":\"ListItem\",\"position\":2,\"name\":\"Our Activities\",\"item\":\"https:\\\/\\\/africafeedandfood.com\\\/activities\\\/\"},{\"@type\":\"ListItem\",\"position\":3,\"name\":\"Poultry sector\",\"item\":\"https:\\\/\\\/africafeedandfood.com\\\/activities\\\/poultry-sector\\\/\"},{\"@type\":\"ListItem\",\"position\":4,\"name\":\"Slaughterhouse\"}]},{\"@type\":\"WebSite\",\"@id\":\"https:\\\/\\\/africafeedandfood.com\\\/#website\",\"url\":\"https:\\\/\\\/africafeedandfood.com\\\/\",\"name\":\"Africa Feed & Food\",\"description\":\"a vision to share\",\"publisher\":{\"@id\":\"https:\\\/\\\/africafeedandfood.com\\\/#organization\"},\"alternateName\":\"Africa Feed and Food\",\"potentialAction\":[{\"@type\":\"SearchAction\",\"target\":{\"@type\":\"EntryPoint\",\"urlTemplate\":\"https:\\\/\\\/africafeedandfood.com\\\/?s={search_term_string}\"},\"query-input\":{\"@type\":\"PropertyValueSpecification\",\"valueRequired\":true,\"valueName\":\"search_term_string\"}}],\"inLanguage\":\"fr-FR\"},{\"@type\":\"Organization\",\"@id\":\"https:\\\/\\\/africafeedandfood.com\\\/#organization\",\"name\":\"Africa Feed & Food\",\"alternateName\":\"Africa Feed and Food\",\"url\":\"https:\\\/\\\/africafeedandfood.com\\\/\",\"logo\":{\"@type\":\"ImageObject\",\"inLanguage\":\"fr-FR\",\"@id\":\"https:\\\/\\\/africafeedandfood.com\\\/#\\\/schema\\\/logo\\\/image\\\/\",\"url\":\"https:\\\/\\\/africafeedandfood.com\\\/wp-content\\\/uploads\\\/2023\\\/05\\\/FERGUS-AFF-LOGO.webp\",\"contentUrl\":\"https:\\\/\\\/africafeedandfood.com\\\/wp-content\\\/uploads\\\/2023\\\/05\\\/FERGUS-AFF-LOGO.webp\",\"width\":377,\"height\":180,\"caption\":\"Africa Feed & Food\"},\"image\":{\"@id\":\"https:\\\/\\\/africafeedandfood.com\\\/#\\\/schema\\\/logo\\\/image\\\/\"}}]}<\/script>\n<!-- \/ Yoast SEO plugin. -->","yoast_head_json":{"title":"Slaughterhouse - Africa Feed and Food","robots":{"index":"index","follow":"follow","max-snippet":"max-snippet:-1","max-image-preview":"max-image-preview:large","max-video-preview":"max-video-preview:-1"},"canonical":"https:\/\/africafeedandfood.com\/fr\/activities\/poultry-sector\/slaughterhouse\/","og_locale":"fr_FR","og_type":"article","og_title":"Slaughterhouse - Africa Feed and Food","og_description":"We pursue our strategy of integration with our project of creating a modern slaughterhouse for poultry \u201cAbattoirs EDDIK\u201d scheduled to be operational in 2027. Our group has finalized all the technical studies for the creation of a large industrial poultry slaughterhouse complex, with the aim of integrating the production of our farms and those of [&hellip;]","og_url":"https:\/\/africafeedandfood.com\/fr\/activities\/poultry-sector\/slaughterhouse\/","og_site_name":"Africa Feed and Food","article_modified_time":"2026-03-31T15:06:37+00:00","og_image":[{"width":1024,"height":576,"url":"https:\/\/africafeedandfood.com\/wp-content\/uploads\/2023\/05\/c9c2e1a99b2179037d847181a0b3feed-1024x576.png","type":"image\/png"}],"twitter_card":"summary_large_image","twitter_misc":{"Dur\u00e9e de lecture estim\u00e9e":"4 minutes"},"schema":{"@context":"https:\/\/schema.org","@graph":[{"@type":"WebPage","@id":"https:\/\/africafeedandfood.com\/en\/activities\/poultry-sector\/slaughterhouse\/","url":"https:\/\/africafeedandfood.com\/en\/activities\/poultry-sector\/slaughterhouse\/","name":"Slaughterhouse - Africa Feed and Food","isPartOf":{"@id":"https:\/\/africafeedandfood.com\/#website"},"primaryImageOfPage":{"@id":"https:\/\/africafeedandfood.com\/en\/activities\/poultry-sector\/slaughterhouse\/#primaryimage"},"image":{"@id":"https:\/\/africafeedandfood.com\/en\/activities\/poultry-sector\/slaughterhouse\/#primaryimage"},"thumbnailUrl":"https:\/\/africafeedandfood.com\/wp-content\/uploads\/2023\/05\/c9c2e1a99b2179037d847181a0b3feed.png","datePublished":"2023-05-23T01:03:53+00:00","dateModified":"2026-03-31T15:06:37+00:00","breadcrumb":{"@id":"https:\/\/africafeedandfood.com\/en\/activities\/poultry-sector\/slaughterhouse\/#breadcrumb"},"inLanguage":"fr-FR","potentialAction":[{"@type":"ReadAction","target":["https:\/\/africafeedandfood.com\/en\/activities\/poultry-sector\/slaughterhouse\/"]}]},{"@type":"ImageObject","inLanguage":"fr-FR","@id":"https:\/\/africafeedandfood.com\/en\/activities\/poultry-sector\/slaughterhouse\/#primaryimage","url":"https:\/\/africafeedandfood.com\/wp-content\/uploads\/2023\/05\/c9c2e1a99b2179037d847181a0b3feed.png","contentUrl":"https:\/\/africafeedandfood.com\/wp-content\/uploads\/2023\/05\/c9c2e1a99b2179037d847181a0b3feed.png","width":1920,"height":1080},{"@type":"BreadcrumbList","@id":"https:\/\/africafeedandfood.com\/en\/activities\/poultry-sector\/slaughterhouse\/#breadcrumb","itemListElement":[{"@type":"ListItem","position":1,"name":"Home","item":"https:\/\/africafeedandfood.com\/"},{"@type":"ListItem","position":2,"name":"Our Activities","item":"https:\/\/africafeedandfood.com\/activities\/"},{"@type":"ListItem","position":3,"name":"Poultry sector","item":"https:\/\/africafeedandfood.com\/activities\/poultry-sector\/"},{"@type":"ListItem","position":4,"name":"Slaughterhouse"}]},{"@type":"WebSite","@id":"https:\/\/africafeedandfood.com\/#website","url":"https:\/\/africafeedandfood.com\/","name":"Afrique Alimentation animale et humaine","description":"a vision to share","publisher":{"@id":"https:\/\/africafeedandfood.com\/#organization"},"alternateName":"Africa Feed and Food","potentialAction":[{"@type":"SearchAction","target":{"@type":"EntryPoint","urlTemplate":"https:\/\/africafeedandfood.com\/?s={search_term_string}"},"query-input":{"@type":"PropertyValueSpecification","valueRequired":true,"valueName":"search_term_string"}}],"inLanguage":"fr-FR"},{"@type":"Organization","@id":"https:\/\/africafeedandfood.com\/#organization","name":"Afrique Alimentation animale et humaine","alternateName":"Africa Feed and Food","url":"https:\/\/africafeedandfood.com\/","logo":{"@type":"ImageObject","inLanguage":"fr-FR","@id":"https:\/\/africafeedandfood.com\/#\/schema\/logo\/image\/","url":"https:\/\/africafeedandfood.com\/wp-content\/uploads\/2023\/05\/FERGUS-AFF-LOGO.webp","contentUrl":"https:\/\/africafeedandfood.com\/wp-content\/uploads\/2023\/05\/FERGUS-AFF-LOGO.webp","width":377,"height":180,"caption":"Africa Feed & Food"},"image":{"@id":"https:\/\/africafeedandfood.com\/#\/schema\/logo\/image\/"}}]}},"_links":{"self":[{"href":"https:\/\/africafeedandfood.com\/fr\/wp-json\/wp\/v2\/pages\/621","targetHints":{"allow":["GET"]}}],"collection":[{"href":"https:\/\/africafeedandfood.com\/fr\/wp-json\/wp\/v2\/pages"}],"about":[{"href":"https:\/\/africafeedandfood.com\/fr\/wp-json\/wp\/v2\/types\/page"}],"author":[{"embeddable":true,"href":"https:\/\/africafeedandfood.com\/fr\/wp-json\/wp\/v2\/users\/1"}],"replies":[{"embeddable":true,"href":"https:\/\/africafeedandfood.com\/fr\/wp-json\/wp\/v2\/comments?post=621"}],"version-history":[{"count":16,"href":"https:\/\/africafeedandfood.com\/fr\/wp-json\/wp\/v2\/pages\/621\/revisions"}],"predecessor-version":[{"id":28193,"href":"https:\/\/africafeedandfood.com\/fr\/wp-json\/wp\/v2\/pages\/621\/revisions\/28193"}],"up":[{"embeddable":true,"href":"https:\/\/africafeedandfood.com\/fr\/wp-json\/wp\/v2\/pages\/243"}],"wp:featuredmedia":[{"embeddable":true,"href":"https:\/\/africafeedandfood.com\/fr\/wp-json\/wp\/v2\/media\/623"}],"wp:attachment":[{"href":"https:\/\/africafeedandfood.com\/fr\/wp-json\/wp\/v2\/media?parent=621"}],"wp:term":[{"taxonomy":"category","embeddable":true,"href":"https:\/\/africafeedandfood.com\/fr\/wp-json\/wp\/v2\/categories?post=621"},{"taxonomy":"post_tag","embeddable":true,"href":"https:\/\/africafeedandfood.com\/fr\/wp-json\/wp\/v2\/tags?post=621"}],"curies":[{"name":"wp","href":"https:\/\/api.w.org\/{rel}","templated":true}]}}