{"id":638,"date":"2023-05-23T02:11:53","date_gmt":"2023-05-23T01:11:53","guid":{"rendered":"http:\/\/jgmcfqy.cluster051.hosting.ovh.net\/?page_id=638"},"modified":"2025-06-01T20:43:04","modified_gmt":"2025-06-01T19:43:04","slug":"broiler-layer-farms","status":"publish","type":"page","link":"https:\/\/africafeedandfood.com\/fr\/activities\/poultry-sector\/broiler-layer-farms\/","title":{"rendered":"Fermes de poulets de chair et de pondeuses"},"content":{"rendered":"<div data-elementor-type=\"wp-page\" data-elementor-id=\"638\" class=\"elementor elementor-638\" data-elementor-post-type=\"page\">\n\t\t\t\t\t\t<section class=\"elementor-section elementor-top-section elementor-element elementor-element-090d981 elementor-section-boxed elementor-section-height-default elementor-section-height-default\" data-id=\"090d981\" data-element_type=\"section\" data-e-type=\"section\">\n\t\t\t\t\t\t<div class=\"elementor-container elementor-column-gap-default\">\n\t\t\t\t\t<div class=\"elementor-column elementor-col-100 elementor-top-column elementor-element elementor-element-fdfac6f\" data-id=\"fdfac6f\" data-element_type=\"column\" data-e-type=\"column\">\n\t\t\t<div class=\"elementor-widget-wrap elementor-element-populated\">\n\t\t\t\t\t\t<div class=\"elementor-element elementor-element-dfb7e45 elementor-widget elementor-widget-heading\" data-id=\"dfb7e45\" data-element_type=\"widget\" data-e-type=\"widget\" data-widget_type=\"heading.default\">\n\t\t\t\t\t<h2 class=\"elementor-heading-title elementor-size-default\">La croissance continue garantit la p\u00e9rennit\u00e9 de notre fili\u00e8re avicole, qu\u2019il s\u2019agisse de fermes reproducteurs, de poulets de chair ou de poulettes.<\/h2>\t\t\t\t<\/div>\n\t\t\t\t<div class=\"elementor-element elementor-element-5cc4f8f elementor-widget elementor-widget-text-editor\" data-id=\"5cc4f8f\" data-element_type=\"widget\" data-e-type=\"widget\" data-widget_type=\"text-editor.default\">\n\t\t\t\t\t\t\t\t\t<p>La premi\u00e8re ferme mise en service en 2018, assure la production de 100 000 poulets par bande.<\/p><p>D\u2019autres fermes sont pr\u00e9vues dans un avenir tr\u00e8s proche.<\/p><p>Par ailleurs, le Groupe dispose d\u00e9j\u00e0 de deux fermes de poulettes destin\u00e9es \u00e0 l\u2019\u00e9levage de poussins de type pondeuse jusqu\u2019\u00e0 l\u2019\u00e2ge de 16 semaines, avant leur transfert vers les fermes de production avec des reproductrices pondeuses. Un investissement majeur a \u00e9t\u00e9 consenti avec l\u2019\u00e9quipement de 5 nouveaux b\u00e2timents d\u2019\u00e9levage, ce qui a permis d\u2019atteindre une capacit\u00e9 de 1 500 000 poulettes par bande, int\u00e9grant ainsi 20% de la capacit\u00e9 du couvoir.<\/p>\t\t\t\t\t\t\t\t<\/div>\n\t\t\t\t\t<\/div>\n\t\t<\/div>\n\t\t\t\t\t<\/div>\n\t\t<\/section>\n\t\t\t\t<section class=\"elementor-section elementor-top-section elementor-element elementor-element-759c51b elementor-section-full_width elementor-section-stretched elementor-section-height-default elementor-section-height-default\" data-id=\"759c51b\" data-element_type=\"section\" data-e-type=\"section\" data-settings=\"{&quot;stretch_section&quot;:&quot;section-stretched&quot;}\">\n\t\t\t\t\t\t<div class=\"elementor-container elementor-column-gap-default\">\n\t\t\t\t\t<div class=\"elementor-column elementor-col-100 elementor-top-column elementor-element elementor-element-1cdd733\" data-id=\"1cdd733\" data-element_type=\"column\" data-e-type=\"column\">\n\t\t\t<div class=\"elementor-widget-wrap elementor-element-populated\">\n\t\t\t\t\t\t<div class=\"elementor-element elementor-element-1e1e2ee elementor-widget elementor-widget-image-carousel\" data-id=\"1e1e2ee\" data-element_type=\"widget\" data-e-type=\"widget\" data-settings=\"{&quot;slides_to_show&quot;:&quot;2&quot;,&quot;navigation&quot;:&quot;none&quot;,&quot;lazyload&quot;:&quot;yes&quot;,&quot;autoplay&quot;:&quot;yes&quot;,&quot;pause_on_hover&quot;:&quot;yes&quot;,&quot;pause_on_interaction&quot;:&quot;yes&quot;,&quot;autoplay_speed&quot;:5000,&quot;infinite&quot;:&quot;yes&quot;,&quot;speed&quot;:500,&quot;image_spacing_custom&quot;:{&quot;unit&quot;:&quot;px&quot;,&quot;size&quot;:20,&quot;sizes&quot;:[]},&quot;image_spacing_custom_tablet&quot;:{&quot;unit&quot;:&quot;px&quot;,&quot;size&quot;:&quot;&quot;,&quot;sizes&quot;:[]},&quot;image_spacing_custom_mobile&quot;:{&quot;unit&quot;:&quot;px&quot;,&quot;size&quot;:&quot;&quot;,&quot;sizes&quot;:[]}}\" data-widget_type=\"image-carousel.default\">\n\t\t\t\t\t\t\t<div class=\"elementor-image-carousel-wrapper swiper\" role=\"region\" aria-roledescription=\"carousel\" aria-label=\"Carrousel d\u2019images\" dir=\"ltr\">\n\t\t\t<div class=\"elementor-image-carousel swiper-wrapper\" aria-live=\"off\">\n\t\t\t\t\t\t\t\t<div class=\"swiper-slide\" role=\"group\" aria-roledescription=\"slide\" aria-label=\"1 sur 4\"><figure class=\"swiper-slide-inner\"><img class=\"swiper-slide-image swiper-lazy\" data-src=\"https:\/\/africafeedandfood.com\/wp-content\/uploads\/elementor\/thumbs\/ACCOMPAGNEMENT--q6v4t3rzygavm93e4be1g5wrdviiqli8idsj2rmckg.jpg\" alt=\"ACCOMPAGNEMENT-\" \/><div class=\"swiper-lazy-preloader\"><\/div><\/figure><\/div><div class=\"swiper-slide\" role=\"group\" aria-roledescription=\"slide\" aria-label=\"2 sur 4\"><figure class=\"swiper-slide-inner\"><img class=\"swiper-slide-image swiper-lazy\" data-src=\"https:\/\/africafeedandfood.com\/wp-content\/uploads\/elementor\/thumbs\/POUSSINIERE-1-1-q6v4t9f13giljwv77dtsv4hiy6qq0s4mj5pfyfdzj4.jpg\" alt=\"POUSSINIERE-1-1\" \/><div class=\"swiper-lazy-preloader\"><\/div><\/figure><\/div><div class=\"swiper-slide\" role=\"group\" aria-roledescription=\"slide\" aria-label=\"3 sur 4\"><figure class=\"swiper-slide-inner\"><img class=\"swiper-slide-image swiper-lazy\" data-src=\"https:\/\/africafeedandfood.com\/wp-content\/uploads\/elementor\/thumbs\/ferme-1-q6v4tbaph4l674sgwen2040g4yhgg6c37f0ewzb76o.jpg\" alt=\"ferme-1\" \/><div class=\"swiper-lazy-preloader\"><\/div><\/figure><\/div><div class=\"swiper-slide\" role=\"group\" aria-roledescription=\"slide\" aria-label=\"4 sur 4\"><figure class=\"swiper-slide-inner\"><img class=\"swiper-slide-image swiper-lazy\" data-src=\"https:\/\/africafeedandfood.com\/wp-content\/uploads\/elementor\/thumbs\/ferme-2-q6v4te481mp15yodfxuxplatx43k39na7syvct70o0.jpg\" alt=\"ferme-2\" \/><div class=\"swiper-lazy-preloader\"><\/div><\/figure><\/div>\t\t\t<\/div>\n\t\t\t\t\t\t\t\n\t\t\t\t\t\t\t\t\t<\/div>\n\t\t\t\t\t\t<\/div>\n\t\t\t\t\t<\/div>\n\t\t<\/div>\n\t\t\t\t\t<\/div>\n\t\t<\/section>\n\t\t\t\t<\/div>","protected":false},"excerpt":{"rendered":"<p>Continuous growth ensures the sustainability of our poultry industry of each type of Breeder, Broiler and Pullet farms. The first farm started in 2018 and ensures the production of 100,000 chickens per band. Other farms are planned for the very near future. In addition, the group already has two chick farms, for the rearing of [&hellip;]<\/p>\n","protected":false},"author":1,"featured_media":640,"parent":243,"menu_order":3,"comment_status":"closed","ping_status":"closed","template":"","meta":{"footnotes":""},"categories":[150],"tags":[],"class_list":["post-638","page","type-page","status-publish","has-post-thumbnail","hentry","category-poultry"],"yoast_head":"<!-- This site is optimized with the Yoast SEO plugin v27.4 - https:\/\/yoast.com\/product\/yoast-seo-wordpress\/ -->\n<title>Broiler &amp; Layer Farms - Africa Feed and Food<\/title>\n<meta name=\"robots\" content=\"index, follow, max-snippet:-1, max-image-preview:large, max-video-preview:-1\" \/>\n<link rel=\"canonical\" href=\"https:\/\/africafeedandfood.com\/fr\/activities\/poultry-sector\/broiler-layer-farms\/\" \/>\n<meta property=\"og:locale\" content=\"fr_FR\" \/>\n<meta property=\"og:type\" content=\"article\" \/>\n<meta property=\"og:title\" content=\"Broiler &amp; Layer Farms - Africa Feed and Food\" \/>\n<meta property=\"og:description\" content=\"Continuous growth ensures the sustainability of our poultry industry of each type of Breeder, Broiler and Pullet farms. The first farm started in 2018 and ensures the production of 100,000 chickens per band. Other farms are planned for the very near future. In addition, the group already has two chick farms, for the rearing of [&hellip;]\" \/>\n<meta property=\"og:url\" content=\"https:\/\/africafeedandfood.com\/fr\/activities\/poultry-sector\/broiler-layer-farms\/\" \/>\n<meta property=\"og:site_name\" content=\"Africa Feed and Food\" \/>\n<meta property=\"article:modified_time\" content=\"2025-06-01T19:43:04+00:00\" \/>\n<meta property=\"og:image\" content=\"https:\/\/africafeedandfood.com\/wp-content\/uploads\/2023\/05\/d471e0f5282a5b109821669e996f7e06-1024x576.png\" \/>\n\t<meta property=\"og:image:width\" content=\"1024\" \/>\n\t<meta property=\"og:image:height\" content=\"576\" \/>\n\t<meta property=\"og:image:type\" content=\"image\/png\" \/>\n<meta name=\"twitter:card\" content=\"summary_large_image\" \/>\n<meta name=\"twitter:label1\" content=\"Dur\u00e9e de lecture estim\u00e9e\" \/>\n\t<meta name=\"twitter:data1\" content=\"3 minutes\" \/>\n<script type=\"application\/ld+json\" class=\"yoast-schema-graph\">{\"@context\":\"https:\\\/\\\/schema.org\",\"@graph\":[{\"@type\":\"WebPage\",\"@id\":\"https:\\\/\\\/africafeedandfood.com\\\/activities\\\/poultry-sector\\\/broiler-layer-farms\\\/\",\"url\":\"https:\\\/\\\/africafeedandfood.com\\\/activities\\\/poultry-sector\\\/broiler-layer-farms\\\/\",\"name\":\"Broiler & Layer Farms - Africa Feed and Food\",\"isPartOf\":{\"@id\":\"https:\\\/\\\/africafeedandfood.com\\\/#website\"},\"primaryImageOfPage\":{\"@id\":\"https:\\\/\\\/africafeedandfood.com\\\/activities\\\/poultry-sector\\\/broiler-layer-farms\\\/#primaryimage\"},\"image\":{\"@id\":\"https:\\\/\\\/africafeedandfood.com\\\/activities\\\/poultry-sector\\\/broiler-layer-farms\\\/#primaryimage\"},\"thumbnailUrl\":\"https:\\\/\\\/africafeedandfood.com\\\/wp-content\\\/uploads\\\/2023\\\/05\\\/d471e0f5282a5b109821669e996f7e06.png\",\"datePublished\":\"2023-05-23T01:11:53+00:00\",\"dateModified\":\"2025-06-01T19:43:04+00:00\",\"breadcrumb\":{\"@id\":\"https:\\\/\\\/africafeedandfood.com\\\/activities\\\/poultry-sector\\\/broiler-layer-farms\\\/#breadcrumb\"},\"inLanguage\":\"fr-FR\",\"potentialAction\":[{\"@type\":\"ReadAction\",\"target\":[\"https:\\\/\\\/africafeedandfood.com\\\/activities\\\/poultry-sector\\\/broiler-layer-farms\\\/\"]}]},{\"@type\":\"ImageObject\",\"inLanguage\":\"fr-FR\",\"@id\":\"https:\\\/\\\/africafeedandfood.com\\\/activities\\\/poultry-sector\\\/broiler-layer-farms\\\/#primaryimage\",\"url\":\"https:\\\/\\\/africafeedandfood.com\\\/wp-content\\\/uploads\\\/2023\\\/05\\\/d471e0f5282a5b109821669e996f7e06.png\",\"contentUrl\":\"https:\\\/\\\/africafeedandfood.com\\\/wp-content\\\/uploads\\\/2023\\\/05\\\/d471e0f5282a5b109821669e996f7e06.png\",\"width\":1920,\"height\":1080},{\"@type\":\"BreadcrumbList\",\"@id\":\"https:\\\/\\\/africafeedandfood.com\\\/activities\\\/poultry-sector\\\/broiler-layer-farms\\\/#breadcrumb\",\"itemListElement\":[{\"@type\":\"ListItem\",\"position\":1,\"name\":\"Home\",\"item\":\"https:\\\/\\\/africafeedandfood.com\\\/\"},{\"@type\":\"ListItem\",\"position\":2,\"name\":\"Our Activities\",\"item\":\"https:\\\/\\\/africafeedandfood.com\\\/activities\\\/\"},{\"@type\":\"ListItem\",\"position\":3,\"name\":\"Poultry sector\",\"item\":\"https:\\\/\\\/africafeedandfood.com\\\/activities\\\/poultry-sector\\\/\"},{\"@type\":\"ListItem\",\"position\":4,\"name\":\"Broiler &#038; Layer Farms\"}]},{\"@type\":\"WebSite\",\"@id\":\"https:\\\/\\\/africafeedandfood.com\\\/#website\",\"url\":\"https:\\\/\\\/africafeedandfood.com\\\/\",\"name\":\"Africa Feed & Food\",\"description\":\"a vision to share\",\"publisher\":{\"@id\":\"https:\\\/\\\/africafeedandfood.com\\\/#organization\"},\"alternateName\":\"Africa Feed and Food\",\"potentialAction\":[{\"@type\":\"SearchAction\",\"target\":{\"@type\":\"EntryPoint\",\"urlTemplate\":\"https:\\\/\\\/africafeedandfood.com\\\/?s={search_term_string}\"},\"query-input\":{\"@type\":\"PropertyValueSpecification\",\"valueRequired\":true,\"valueName\":\"search_term_string\"}}],\"inLanguage\":\"fr-FR\"},{\"@type\":\"Organization\",\"@id\":\"https:\\\/\\\/africafeedandfood.com\\\/#organization\",\"name\":\"Africa Feed & Food\",\"alternateName\":\"Africa Feed and Food\",\"url\":\"https:\\\/\\\/africafeedandfood.com\\\/\",\"logo\":{\"@type\":\"ImageObject\",\"inLanguage\":\"fr-FR\",\"@id\":\"https:\\\/\\\/africafeedandfood.com\\\/#\\\/schema\\\/logo\\\/image\\\/\",\"url\":\"https:\\\/\\\/africafeedandfood.com\\\/wp-content\\\/uploads\\\/2023\\\/05\\\/FERGUS-AFF-LOGO.webp\",\"contentUrl\":\"https:\\\/\\\/africafeedandfood.com\\\/wp-content\\\/uploads\\\/2023\\\/05\\\/FERGUS-AFF-LOGO.webp\",\"width\":377,\"height\":180,\"caption\":\"Africa Feed & Food\"},\"image\":{\"@id\":\"https:\\\/\\\/africafeedandfood.com\\\/#\\\/schema\\\/logo\\\/image\\\/\"}}]}<\/script>\n<!-- \/ Yoast SEO plugin. -->","yoast_head_json":{"title":"Broiler & Layer Farms - Africa Feed and Food","robots":{"index":"index","follow":"follow","max-snippet":"max-snippet:-1","max-image-preview":"max-image-preview:large","max-video-preview":"max-video-preview:-1"},"canonical":"https:\/\/africafeedandfood.com\/fr\/activities\/poultry-sector\/broiler-layer-farms\/","og_locale":"fr_FR","og_type":"article","og_title":"Broiler & Layer Farms - Africa Feed and Food","og_description":"Continuous growth ensures the sustainability of our poultry industry of each type of Breeder, Broiler and Pullet farms. The first farm started in 2018 and ensures the production of 100,000 chickens per band. Other farms are planned for the very near future. In addition, the group already has two chick farms, for the rearing of [&hellip;]","og_url":"https:\/\/africafeedandfood.com\/fr\/activities\/poultry-sector\/broiler-layer-farms\/","og_site_name":"Africa Feed and Food","article_modified_time":"2025-06-01T19:43:04+00:00","og_image":[{"width":1024,"height":576,"url":"https:\/\/africafeedandfood.com\/wp-content\/uploads\/2023\/05\/d471e0f5282a5b109821669e996f7e06-1024x576.png","type":"image\/png"}],"twitter_card":"summary_large_image","twitter_misc":{"Dur\u00e9e de lecture estim\u00e9e":"3 minutes"},"schema":{"@context":"https:\/\/schema.org","@graph":[{"@type":"WebPage","@id":"https:\/\/africafeedandfood.com\/activities\/poultry-sector\/broiler-layer-farms\/","url":"https:\/\/africafeedandfood.com\/activities\/poultry-sector\/broiler-layer-farms\/","name":"Broiler & Layer Farms - Africa Feed and Food","isPartOf":{"@id":"https:\/\/africafeedandfood.com\/#website"},"primaryImageOfPage":{"@id":"https:\/\/africafeedandfood.com\/activities\/poultry-sector\/broiler-layer-farms\/#primaryimage"},"image":{"@id":"https:\/\/africafeedandfood.com\/activities\/poultry-sector\/broiler-layer-farms\/#primaryimage"},"thumbnailUrl":"https:\/\/africafeedandfood.com\/wp-content\/uploads\/2023\/05\/d471e0f5282a5b109821669e996f7e06.png","datePublished":"2023-05-23T01:11:53+00:00","dateModified":"2025-06-01T19:43:04+00:00","breadcrumb":{"@id":"https:\/\/africafeedandfood.com\/activities\/poultry-sector\/broiler-layer-farms\/#breadcrumb"},"inLanguage":"fr-FR","potentialAction":[{"@type":"ReadAction","target":["https:\/\/africafeedandfood.com\/activities\/poultry-sector\/broiler-layer-farms\/"]}]},{"@type":"ImageObject","inLanguage":"fr-FR","@id":"https:\/\/africafeedandfood.com\/activities\/poultry-sector\/broiler-layer-farms\/#primaryimage","url":"https:\/\/africafeedandfood.com\/wp-content\/uploads\/2023\/05\/d471e0f5282a5b109821669e996f7e06.png","contentUrl":"https:\/\/africafeedandfood.com\/wp-content\/uploads\/2023\/05\/d471e0f5282a5b109821669e996f7e06.png","width":1920,"height":1080},{"@type":"BreadcrumbList","@id":"https:\/\/africafeedandfood.com\/activities\/poultry-sector\/broiler-layer-farms\/#breadcrumb","itemListElement":[{"@type":"ListItem","position":1,"name":"Home","item":"https:\/\/africafeedandfood.com\/"},{"@type":"ListItem","position":2,"name":"Our Activities","item":"https:\/\/africafeedandfood.com\/activities\/"},{"@type":"ListItem","position":3,"name":"Poultry sector","item":"https:\/\/africafeedandfood.com\/activities\/poultry-sector\/"},{"@type":"ListItem","position":4,"name":"Broiler &#038; Layer Farms"}]},{"@type":"WebSite","@id":"https:\/\/africafeedandfood.com\/#website","url":"https:\/\/africafeedandfood.com\/","name":"Afrique Alimentation animale et humaine","description":"a vision to share","publisher":{"@id":"https:\/\/africafeedandfood.com\/#organization"},"alternateName":"Africa Feed and Food","potentialAction":[{"@type":"SearchAction","target":{"@type":"EntryPoint","urlTemplate":"https:\/\/africafeedandfood.com\/?s={search_term_string}"},"query-input":{"@type":"PropertyValueSpecification","valueRequired":true,"valueName":"search_term_string"}}],"inLanguage":"fr-FR"},{"@type":"Organization","@id":"https:\/\/africafeedandfood.com\/#organization","name":"Afrique Alimentation animale et humaine","alternateName":"Africa Feed and Food","url":"https:\/\/africafeedandfood.com\/","logo":{"@type":"ImageObject","inLanguage":"fr-FR","@id":"https:\/\/africafeedandfood.com\/#\/schema\/logo\/image\/","url":"https:\/\/africafeedandfood.com\/wp-content\/uploads\/2023\/05\/FERGUS-AFF-LOGO.webp","contentUrl":"https:\/\/africafeedandfood.com\/wp-content\/uploads\/2023\/05\/FERGUS-AFF-LOGO.webp","width":377,"height":180,"caption":"Africa Feed & Food"},"image":{"@id":"https:\/\/africafeedandfood.com\/#\/schema\/logo\/image\/"}}]}},"_links":{"self":[{"href":"https:\/\/africafeedandfood.com\/fr\/wp-json\/wp\/v2\/pages\/638","targetHints":{"allow":["GET"]}}],"collection":[{"href":"https:\/\/africafeedandfood.com\/fr\/wp-json\/wp\/v2\/pages"}],"about":[{"href":"https:\/\/africafeedandfood.com\/fr\/wp-json\/wp\/v2\/types\/page"}],"author":[{"embeddable":true,"href":"https:\/\/africafeedandfood.com\/fr\/wp-json\/wp\/v2\/users\/1"}],"replies":[{"embeddable":true,"href":"https:\/\/africafeedandfood.com\/fr\/wp-json\/wp\/v2\/comments?post=638"}],"version-history":[{"count":10,"href":"https:\/\/africafeedandfood.com\/fr\/wp-json\/wp\/v2\/pages\/638\/revisions"}],"predecessor-version":[{"id":27191,"href":"https:\/\/africafeedandfood.com\/fr\/wp-json\/wp\/v2\/pages\/638\/revisions\/27191"}],"up":[{"embeddable":true,"href":"https:\/\/africafeedandfood.com\/fr\/wp-json\/wp\/v2\/pages\/243"}],"wp:featuredmedia":[{"embeddable":true,"href":"https:\/\/africafeedandfood.com\/fr\/wp-json\/wp\/v2\/media\/640"}],"wp:attachment":[{"href":"https:\/\/africafeedandfood.com\/fr\/wp-json\/wp\/v2\/media?parent=638"}],"wp:term":[{"taxonomy":"category","embeddable":true,"href":"https:\/\/africafeedandfood.com\/fr\/wp-json\/wp\/v2\/categories?post=638"},{"taxonomy":"post_tag","embeddable":true,"href":"https:\/\/africafeedandfood.com\/fr\/wp-json\/wp\/v2\/tags?post=638"}],"curies":[{"name":"wp","href":"https:\/\/api.w.org\/{rel}","templated":true}]}}